{"id":17248,"date":"2019-10-16T22:09:58","date_gmt":"2019-10-16T22:09:58","guid":{"rendered":"http:\/\/vernacula.com.pe\/?page_id=17248"},"modified":"2020-06-27T21:11:20","modified_gmt":"2020-06-27T21:11:20","slug":"quienes-somos","status":"publish","type":"page","link":"https:\/\/vernacula.com.pe\/?page_id=17248","title":{"rendered":"Quienes Somos"},"content":{"rendered":"<p style=\"text-align: center;\">\n<img decoding=\"async\" class=\"wp-image-24924 aligncenter\" src=\"https:\/\/vernacula.com.pe\/wp-content\/uploads\/2020\/06\/WhatsApp-Image-2020-06-27-at-3.28.54-PM-2-min.jpeg\" alt=\"\" width=\"537\" height=\"403\" srcset=\"https:\/\/vernacula.com.pe\/wp-content\/uploads\/2020\/06\/WhatsApp-Image-2020-06-27-at-3.28.54-PM-2-min-200x150.jpeg 200w, https:\/\/vernacula.com.pe\/wp-content\/uploads\/2020\/06\/WhatsApp-Image-2020-06-27-at-3.28.54-PM-2-min-300x225.jpeg 300w, https:\/\/vernacula.com.pe\/wp-content\/uploads\/2020\/06\/WhatsApp-Image-2020-06-27-at-3.28.54-PM-2-min-400x300.jpeg 400w, https:\/\/vernacula.com.pe\/wp-content\/uploads\/2020\/06\/WhatsApp-Image-2020-06-27-at-3.28.54-PM-2-min-600x450.jpeg 600w, https:\/\/vernacula.com.pe\/wp-content\/uploads\/2020\/06\/WhatsApp-Image-2020-06-27-at-3.28.54-PM-2-min-700x525.jpeg 700w, https:\/\/vernacula.com.pe\/wp-content\/uploads\/2020\/06\/WhatsApp-Image-2020-06-27-at-3.28.54-PM-2-min-768x576.jpeg 768w, https:\/\/vernacula.com.pe\/wp-content\/uploads\/2020\/06\/WhatsApp-Image-2020-06-27-at-3.28.54-PM-2-min-800x600.jpeg 800w, https:\/\/vernacula.com.pe\/wp-content\/uploads\/2020\/06\/WhatsApp-Image-2020-06-27-at-3.28.54-PM-2-min-1024x768.jpeg 1024w, https:\/\/vernacula.com.pe\/wp-content\/uploads\/2020\/06\/WhatsApp-Image-2020-06-27-at-3.28.54-PM-2-min.jpeg 1080w\" sizes=\"(max-width: 537px) 100vw, 537px\" \/><\/p>\n<p style=\"text-align: center;\">Vern\u00e1cula es la vitrina de m\u00e1s de 350 emprendimientos hechos en Per\u00fa de venta al mundo. Nos hemos encargado de formalizar a m\u00e1s del 50% de estos emprendimientos y crear una cadena de valor con salarios justos para ellos.<br \/>\n\u00abVern\u00e1cula\u00bb significa oriundo de un pa\u00eds, nos hemos encargado de apoyar y dar a conocer los emprendimientos locales, formalizarlos y darles un lugar donde vender sus productos, adem\u00e1s de promover la identidad pa\u00eds y que<br \/>\nel consumidor valore el producto que est\u00e1 comprando. Nos hemos encargado tambi\u00e9n de empoderar<br \/>\ncomunidades en diferentes regiones del pa\u00eds con charlas y clases de nuevas t\u00e9cnicas de tejidos, ventas y crecimiento.<\/p>\n<p style=\"text-align: center;\">De la misma manera de promover productos ecofriendly y el cuidado del medio ambiente, adem\u00e1s de instituciones que ayudan a mujeres maltratadas, Ongs, albergues de animales, etc. y crear una cultura e identidad en Vern\u00e1cula.<\/p>\n<p style=\"text-align: left;\">\n<p><img decoding=\"async\" class=\"wp-image-24932 aligncenter\" style=\"text-align: center;\" src=\"https:\/\/vernacula.com.pe\/wp-content\/uploads\/2020\/06\/WhatsApp-Image-2020-06-27-at-3.28.54-PM-min.jpeg\" alt=\"\" width=\"508\" height=\"381\" srcset=\"https:\/\/vernacula.com.pe\/wp-content\/uploads\/2020\/06\/WhatsApp-Image-2020-06-27-at-3.28.54-PM-min-200x150.jpeg 200w, https:\/\/vernacula.com.pe\/wp-content\/uploads\/2020\/06\/WhatsApp-Image-2020-06-27-at-3.28.54-PM-min-300x225.jpeg 300w, https:\/\/vernacula.com.pe\/wp-content\/uploads\/2020\/06\/WhatsApp-Image-2020-06-27-at-3.28.54-PM-min-400x300.jpeg 400w, https:\/\/vernacula.com.pe\/wp-content\/uploads\/2020\/06\/WhatsApp-Image-2020-06-27-at-3.28.54-PM-min-600x450.jpeg 600w, https:\/\/vernacula.com.pe\/wp-content\/uploads\/2020\/06\/WhatsApp-Image-2020-06-27-at-3.28.54-PM-min-700x525.jpeg 700w, https:\/\/vernacula.com.pe\/wp-content\/uploads\/2020\/06\/WhatsApp-Image-2020-06-27-at-3.28.54-PM-min-768x576.jpeg 768w, https:\/\/vernacula.com.pe\/wp-content\/uploads\/2020\/06\/WhatsApp-Image-2020-06-27-at-3.28.54-PM-min-800x600.jpeg 800w, https:\/\/vernacula.com.pe\/wp-content\/uploads\/2020\/06\/WhatsApp-Image-2020-06-27-at-3.28.54-PM-min-1024x768.jpeg 1024w, https:\/\/vernacula.com.pe\/wp-content\/uploads\/2020\/06\/WhatsApp-Image-2020-06-27-at-3.28.54-PM-min-1200x900.jpeg 1200w, https:\/\/vernacula.com.pe\/wp-content\/uploads\/2020\/06\/WhatsApp-Image-2020-06-27-at-3.28.54-PM-min.jpeg 1280w\" sizes=\"(max-width: 508px) 100vw, 508px\" \/><\/p>\n<p>&nbsp;<\/p>\n<p style=\"text-align: center;\">Hemos ayudado a nuestros proveedores a darse a conocer, a llegar a su p\u00fablico objetivo, a ser valorados por el consumidor, a ser formales, a recibir salarios justos, a no ser marginados y sobre todo a que puedan vender y crecer econ\u00f3micamente.<br \/>\nHemos logrado crear m\u00e1s de 10 mil puestos de trabajo y entre el 2014 y el 2019 hemos pasado a facturar 26 mil d\u00f3lares a 1 mill\u00f3n y medio de d\u00f3lares. Nos hemos encargado de promover la identidad pa\u00eds y que nuestros consumidores valoren, respeten y se sientan identificados con los productos locales.<br \/>\nEl 20% de nuestras marcas ha logrado un desarrollo en los \u00faltimos 3 a\u00f1os triplicando sus ventas en Per\u00fa a trav\u00e9s de nuestras tiendas, eso gener\u00f3 que a la vez tengan tiendas propias (Sin dejar de vender en nuestras tiendas) y adem\u00e1s han logrado vender en distintos pa\u00edses alrededor del mundo.<\/p>\n<p><img decoding=\"async\" class=\"wp-image-24936 aligncenter\" src=\"https:\/\/vernacula.com.pe\/wp-content\/uploads\/2020\/06\/WhatsApp-Image-2020-06-27-at-3.28.53-PM-min.jpeg\" alt=\"\" width=\"602\" height=\"513\" srcset=\"https:\/\/vernacula.com.pe\/wp-content\/uploads\/2020\/06\/WhatsApp-Image-2020-06-27-at-3.28.53-PM-min-200x170.jpeg 200w, https:\/\/vernacula.com.pe\/wp-content\/uploads\/2020\/06\/WhatsApp-Image-2020-06-27-at-3.28.53-PM-min-300x256.jpeg 300w, https:\/\/vernacula.com.pe\/wp-content\/uploads\/2020\/06\/WhatsApp-Image-2020-06-27-at-3.28.53-PM-min-400x341.jpeg 400w, https:\/\/vernacula.com.pe\/wp-content\/uploads\/2020\/06\/WhatsApp-Image-2020-06-27-at-3.28.53-PM-min-600x511.jpeg 600w, https:\/\/vernacula.com.pe\/wp-content\/uploads\/2020\/06\/WhatsApp-Image-2020-06-27-at-3.28.53-PM-min-700x596.jpeg 700w, https:\/\/vernacula.com.pe\/wp-content\/uploads\/2020\/06\/WhatsApp-Image-2020-06-27-at-3.28.53-PM-min-768x654.jpeg 768w, https:\/\/vernacula.com.pe\/wp-content\/uploads\/2020\/06\/WhatsApp-Image-2020-06-27-at-3.28.53-PM-min-800x681.jpeg 800w, https:\/\/vernacula.com.pe\/wp-content\/uploads\/2020\/06\/WhatsApp-Image-2020-06-27-at-3.28.53-PM-min-1024x872.jpeg 1024w, https:\/\/vernacula.com.pe\/wp-content\/uploads\/2020\/06\/WhatsApp-Image-2020-06-27-at-3.28.53-PM-min.jpeg 1080w\" sizes=\"(max-width: 602px) 100vw, 602px\" \/><\/p>\n<p>&nbsp;<\/p>\n<p style=\"text-align: center;\">Actualmente Vern\u00e1cula cuenta con 2 tiendas f\u00edsicas y el ecommerce que cuenta con un propio almac\u00e9n para las ventas online. Hemos crecido paralelamente en n\u00famero de proveedores, de trabajadores y sobretodo de clientes.<\/p>\n<p>Muchas gracias.<\/p>\n<p>Team Vern\u00e1cula<\/p>\n","protected":false},"excerpt":{"rendered":"<p>Vern\u00e1cula es la vitrina de m\u00e1s de 350 emprendimientos hechos en Per\u00fa de venta al mundo. Nos hemos encargado de [&hellip;]<\/p>\n","protected":false},"author":1,"featured_media":0,"parent":0,"menu_order":0,"comment_status":"closed","ping_status":"closed","template":"","meta":{"footnotes":""},"class_list":["post-17248","page","type-page","status-publish","hentry"],"yoast_head":"<!-- This site is optimized with the Yoast SEO plugin v26.4 - https:\/\/yoast.com\/wordpress\/plugins\/seo\/ -->\n<title>Quienes Somos - Vern\u00e1cula<\/title>\n<meta name=\"robots\" content=\"index, follow, max-snippet:-1, max-image-preview:large, max-video-preview:-1\" \/>\n<link rel=\"canonical\" href=\"https:\/\/vernacula.com.pe\/?page_id=17248\" \/>\n<meta property=\"og:locale\" content=\"es_ES\" \/>\n<meta property=\"og:type\" content=\"article\" \/>\n<meta property=\"og:title\" content=\"Quienes Somos - Vern\u00e1cula\" \/>\n<meta property=\"og:description\" content=\"Vern\u00e1cula es la vitrina de m\u00e1s de 350 emprendimientos hechos en Per\u00fa de venta al mundo. Nos hemos encargado de [&hellip;]\" \/>\n<meta property=\"og:url\" content=\"https:\/\/vernacula.com.pe\/?page_id=17248\" \/>\n<meta property=\"og:site_name\" content=\"Vern\u00e1cula\" \/>\n<meta property=\"article:modified_time\" content=\"2020-06-27T21:11:20+00:00\" \/>\n<meta property=\"og:image\" content=\"http:\/\/vernacula.com.pe\/wp-content\/uploads\/2020\/06\/WhatsApp-Image-2020-06-27-at-3.28.54-PM-2-min.jpeg\" \/>\n<meta name=\"twitter:card\" content=\"summary_large_image\" \/>\n<meta name=\"twitter:label1\" content=\"Tiempo de lectura\" \/>\n\t<meta name=\"twitter:data1\" content=\"2 minutos\" \/>\n<script type=\"application\/ld+json\" class=\"yoast-schema-graph\">{\"@context\":\"https:\/\/schema.org\",\"@graph\":[{\"@type\":\"WebPage\",\"@id\":\"https:\/\/vernacula.com.pe\/?page_id=17248\",\"url\":\"https:\/\/vernacula.com.pe\/?page_id=17248\",\"name\":\"Quienes Somos - Vern\u00e1cula\",\"isPartOf\":{\"@id\":\"https:\/\/vernacula.com.pe\/#website\"},\"primaryImageOfPage\":{\"@id\":\"https:\/\/vernacula.com.pe\/?page_id=17248#primaryimage\"},\"image\":{\"@id\":\"https:\/\/vernacula.com.pe\/?page_id=17248#primaryimage\"},\"thumbnailUrl\":\"http:\/\/vernacula.com.pe\/wp-content\/uploads\/2020\/06\/WhatsApp-Image-2020-06-27-at-3.28.54-PM-2-min.jpeg\",\"datePublished\":\"2019-10-16T22:09:58+00:00\",\"dateModified\":\"2020-06-27T21:11:20+00:00\",\"breadcrumb\":{\"@id\":\"https:\/\/vernacula.com.pe\/?page_id=17248#breadcrumb\"},\"inLanguage\":\"es\",\"potentialAction\":[{\"@type\":\"ReadAction\",\"target\":[\"https:\/\/vernacula.com.pe\/?page_id=17248\"]}]},{\"@type\":\"ImageObject\",\"inLanguage\":\"es\",\"@id\":\"https:\/\/vernacula.com.pe\/?page_id=17248#primaryimage\",\"url\":\"http:\/\/vernacula.com.pe\/wp-content\/uploads\/2020\/06\/WhatsApp-Image-2020-06-27-at-3.28.54-PM-2-min.jpeg\",\"contentUrl\":\"http:\/\/vernacula.com.pe\/wp-content\/uploads\/2020\/06\/WhatsApp-Image-2020-06-27-at-3.28.54-PM-2-min.jpeg\"},{\"@type\":\"BreadcrumbList\",\"@id\":\"https:\/\/vernacula.com.pe\/?page_id=17248#breadcrumb\",\"itemListElement\":[{\"@type\":\"ListItem\",\"position\":1,\"name\":\"Portada\",\"item\":\"https:\/\/vernacula.com.pe\/\"},{\"@type\":\"ListItem\",\"position\":2,\"name\":\"Quienes Somos\"}]},{\"@type\":\"WebSite\",\"@id\":\"https:\/\/vernacula.com.pe\/#website\",\"url\":\"https:\/\/vernacula.com.pe\/\",\"name\":\"Vern\u00e1cula\",\"description\":\"\",\"potentialAction\":[{\"@type\":\"SearchAction\",\"target\":{\"@type\":\"EntryPoint\",\"urlTemplate\":\"https:\/\/vernacula.com.pe\/?s={search_term_string}\"},\"query-input\":{\"@type\":\"PropertyValueSpecification\",\"valueRequired\":true,\"valueName\":\"search_term_string\"}}],\"inLanguage\":\"es\"}]}<\/script>\n<!-- \/ Yoast SEO plugin. -->","yoast_head_json":{"title":"Quienes Somos - Vern\u00e1cula","robots":{"index":"index","follow":"follow","max-snippet":"max-snippet:-1","max-image-preview":"max-image-preview:large","max-video-preview":"max-video-preview:-1"},"canonical":"https:\/\/vernacula.com.pe\/?page_id=17248","og_locale":"es_ES","og_type":"article","og_title":"Quienes Somos - Vern\u00e1cula","og_description":"Vern\u00e1cula es la vitrina de m\u00e1s de 350 emprendimientos hechos en Per\u00fa de venta al mundo. Nos hemos encargado de [&hellip;]","og_url":"https:\/\/vernacula.com.pe\/?page_id=17248","og_site_name":"Vern\u00e1cula","article_modified_time":"2020-06-27T21:11:20+00:00","og_image":[{"url":"http:\/\/vernacula.com.pe\/wp-content\/uploads\/2020\/06\/WhatsApp-Image-2020-06-27-at-3.28.54-PM-2-min.jpeg","type":"","width":"","height":""}],"twitter_card":"summary_large_image","twitter_misc":{"Tiempo de lectura":"2 minutos"},"schema":{"@context":"https:\/\/schema.org","@graph":[{"@type":"WebPage","@id":"https:\/\/vernacula.com.pe\/?page_id=17248","url":"https:\/\/vernacula.com.pe\/?page_id=17248","name":"Quienes Somos - Vern\u00e1cula","isPartOf":{"@id":"https:\/\/vernacula.com.pe\/#website"},"primaryImageOfPage":{"@id":"https:\/\/vernacula.com.pe\/?page_id=17248#primaryimage"},"image":{"@id":"https:\/\/vernacula.com.pe\/?page_id=17248#primaryimage"},"thumbnailUrl":"http:\/\/vernacula.com.pe\/wp-content\/uploads\/2020\/06\/WhatsApp-Image-2020-06-27-at-3.28.54-PM-2-min.jpeg","datePublished":"2019-10-16T22:09:58+00:00","dateModified":"2020-06-27T21:11:20+00:00","breadcrumb":{"@id":"https:\/\/vernacula.com.pe\/?page_id=17248#breadcrumb"},"inLanguage":"es","potentialAction":[{"@type":"ReadAction","target":["https:\/\/vernacula.com.pe\/?page_id=17248"]}]},{"@type":"ImageObject","inLanguage":"es","@id":"https:\/\/vernacula.com.pe\/?page_id=17248#primaryimage","url":"http:\/\/vernacula.com.pe\/wp-content\/uploads\/2020\/06\/WhatsApp-Image-2020-06-27-at-3.28.54-PM-2-min.jpeg","contentUrl":"http:\/\/vernacula.com.pe\/wp-content\/uploads\/2020\/06\/WhatsApp-Image-2020-06-27-at-3.28.54-PM-2-min.jpeg"},{"@type":"BreadcrumbList","@id":"https:\/\/vernacula.com.pe\/?page_id=17248#breadcrumb","itemListElement":[{"@type":"ListItem","position":1,"name":"Portada","item":"https:\/\/vernacula.com.pe\/"},{"@type":"ListItem","position":2,"name":"Quienes Somos"}]},{"@type":"WebSite","@id":"https:\/\/vernacula.com.pe\/#website","url":"https:\/\/vernacula.com.pe\/","name":"Vern\u00e1cula","description":"","potentialAction":[{"@type":"SearchAction","target":{"@type":"EntryPoint","urlTemplate":"https:\/\/vernacula.com.pe\/?s={search_term_string}"},"query-input":{"@type":"PropertyValueSpecification","valueRequired":true,"valueName":"search_term_string"}}],"inLanguage":"es"}]}},"_links":{"self":[{"href":"https:\/\/vernacula.com.pe\/index.php?rest_route=\/wp\/v2\/pages\/17248","targetHints":{"allow":["GET"]}}],"collection":[{"href":"https:\/\/vernacula.com.pe\/index.php?rest_route=\/wp\/v2\/pages"}],"about":[{"href":"https:\/\/vernacula.com.pe\/index.php?rest_route=\/wp\/v2\/types\/page"}],"author":[{"embeddable":true,"href":"https:\/\/vernacula.com.pe\/index.php?rest_route=\/wp\/v2\/users\/1"}],"replies":[{"embeddable":true,"href":"https:\/\/vernacula.com.pe\/index.php?rest_route=%2Fwp%2Fv2%2Fcomments&post=17248"}],"version-history":[{"count":18,"href":"https:\/\/vernacula.com.pe\/index.php?rest_route=\/wp\/v2\/pages\/17248\/revisions"}],"predecessor-version":[{"id":24937,"href":"https:\/\/vernacula.com.pe\/index.php?rest_route=\/wp\/v2\/pages\/17248\/revisions\/24937"}],"wp:attachment":[{"href":"https:\/\/vernacula.com.pe\/index.php?rest_route=%2Fwp%2Fv2%2Fmedia&parent=17248"}],"curies":[{"name":"wp","href":"https:\/\/api.w.org\/{rel}","templated":true}]}}