{"id":40451,"date":"2026-01-22T00:41:43","date_gmt":"2026-01-22T00:41:43","guid":{"rendered":"https:\/\/vernacula.com.pe\/?post_type=product&#038;p=40451"},"modified":"2026-01-22T01:04:12","modified_gmt":"2026-01-22T01:04:12","slug":"bikini-kaay","status":"publish","type":"product","link":"https:\/\/vernacula.com.pe\/?product=bikini-kaay","title":{"rendered":"BIKINI KAAY"},"content":{"rendered":"<p>Top:<\/p>\n<ul>\n<li>Copa suave con aros<\/li>\n<li>Tirantes de sujetador ajustables<\/li>\n<li>Aplicaciones de flores de crochet en los tirantes superiores<\/li>\n<li>Las tallas XS, S y M vienen con almohadillas removibles<\/li>\n<\/ul>\n<p>Bottom:<\/p>\n<ul>\n<li>Bottom de tiras<\/li>\n<li>Aplicaciones de flores de crochet en las caderas.<\/li>\n<li>Detalle fruncido en la parte trasera<\/li>\n<\/ul>\n<p>Accesorios:<\/p>\n<ul>\n<li>Hilo de algod\u00f3n org\u00e1nico<\/li>\n<\/ul>\n<p>Disclaimer:<\/p>\n<p>Tenga en cuenta que debe tener especial cuidado con este bikini, que est\u00e1 confeccionado con tela met\u00e1lica laminada. Le recomendamos encarecidamente que utilice un jab\u00f3n especial para bikinis o un shampoo para beb\u00e9s para lavar nuestras piezas \u00fanicas. Adem\u00e1s, el color puede variar seg\u00fan la luz del d\u00eda.<\/p>\n","protected":false},"excerpt":{"rendered":"<p>Top: Copa suave con aros Tirantes de sujetador ajustables Aplicaciones de flores de crochet en los tirantes superiores Las tallas [&hellip;]<\/p>\n","protected":false},"featured_media":40456,"template":"","meta":[],"pwb-brand":[986],"product_brand":[],"product_cat":[220],"product_tag":[],"class_list":{"0":"post-40451","1":"product","2":"type-product","3":"status-publish","4":"has-post-thumbnail","6":"pwb-brand-delmaar","7":"product_cat-swimwear","9":"first","10":"instock","11":"shipping-taxable","12":"purchasable","13":"product-type-simple"},"yoast_head":"<!-- This site is optimized with the Yoast SEO plugin v26.4 - https:\/\/yoast.com\/wordpress\/plugins\/seo\/ -->\n<title>BIKINI KAAY - Vern\u00e1cula<\/title>\n<meta name=\"robots\" content=\"index, follow, max-snippet:-1, max-image-preview:large, max-video-preview:-1\" \/>\n<link rel=\"canonical\" href=\"https:\/\/vernacula.com.pe\/?product=bikini-kaay\" \/>\n<meta property=\"og:locale\" content=\"es_ES\" \/>\n<meta property=\"og:type\" content=\"article\" \/>\n<meta property=\"og:title\" content=\"BIKINI KAAY - Vern\u00e1cula\" \/>\n<meta property=\"og:description\" content=\"Top: Copa suave con aros Tirantes de sujetador ajustables Aplicaciones de flores de crochet en los tirantes superiores Las tallas [&hellip;]\" \/>\n<meta property=\"og:url\" content=\"https:\/\/vernacula.com.pe\/?product=bikini-kaay\" \/>\n<meta property=\"og:site_name\" content=\"Vern\u00e1cula\" \/>\n<meta property=\"article:modified_time\" content=\"2026-01-22T01:04:12+00:00\" \/>\n<meta property=\"og:image\" content=\"https:\/\/vernacula.com.pe\/wp-content\/uploads\/2026\/01\/Copia-de-DMEF283-671x1024.jpg\" \/>\n\t<meta property=\"og:image:width\" content=\"671\" \/>\n\t<meta property=\"og:image:height\" content=\"1024\" \/>\n\t<meta property=\"og:image:type\" content=\"image\/jpeg\" \/>\n<meta name=\"twitter:card\" content=\"summary_large_image\" \/>\n<meta name=\"twitter:label1\" content=\"Tiempo de lectura\" \/>\n\t<meta name=\"twitter:data1\" content=\"1 minuto\" \/>\n<script type=\"application\/ld+json\" class=\"yoast-schema-graph\">{\"@context\":\"https:\/\/schema.org\",\"@graph\":[{\"@type\":\"WebPage\",\"@id\":\"https:\/\/vernacula.com.pe\/?product=bikini-kaay\",\"url\":\"https:\/\/vernacula.com.pe\/?product=bikini-kaay\",\"name\":\"BIKINI KAAY - Vern\u00e1cula\",\"isPartOf\":{\"@id\":\"https:\/\/vernacula.com.pe\/#website\"},\"primaryImageOfPage\":{\"@id\":\"https:\/\/vernacula.com.pe\/?product=bikini-kaay#primaryimage\"},\"image\":{\"@id\":\"https:\/\/vernacula.com.pe\/?product=bikini-kaay#primaryimage\"},\"thumbnailUrl\":\"https:\/\/vernacula.com.pe\/wp-content\/uploads\/2026\/01\/Copia-de-DMEF283.jpg\",\"datePublished\":\"2026-01-22T00:41:43+00:00\",\"dateModified\":\"2026-01-22T01:04:12+00:00\",\"breadcrumb\":{\"@id\":\"https:\/\/vernacula.com.pe\/?product=bikini-kaay#breadcrumb\"},\"inLanguage\":\"es\",\"potentialAction\":[{\"@type\":\"ReadAction\",\"target\":[\"https:\/\/vernacula.com.pe\/?product=bikini-kaay\"]}]},{\"@type\":\"ImageObject\",\"inLanguage\":\"es\",\"@id\":\"https:\/\/vernacula.com.pe\/?product=bikini-kaay#primaryimage\",\"url\":\"https:\/\/vernacula.com.pe\/wp-content\/uploads\/2026\/01\/Copia-de-DMEF283.jpg\",\"contentUrl\":\"https:\/\/vernacula.com.pe\/wp-content\/uploads\/2026\/01\/Copia-de-DMEF283.jpg\",\"width\":1666,\"height\":2544},{\"@type\":\"BreadcrumbList\",\"@id\":\"https:\/\/vernacula.com.pe\/?product=bikini-kaay#breadcrumb\",\"itemListElement\":[{\"@type\":\"ListItem\",\"position\":1,\"name\":\"Portada\",\"item\":\"https:\/\/vernacula.com.pe\/\"},{\"@type\":\"ListItem\",\"position\":2,\"name\":\"Shop Full Width\",\"item\":\"https:\/\/vernacula.com.pe\/?page_id=16552\"},{\"@type\":\"ListItem\",\"position\":3,\"name\":\"BIKINI KAAY\"}]},{\"@type\":\"WebSite\",\"@id\":\"https:\/\/vernacula.com.pe\/#website\",\"url\":\"https:\/\/vernacula.com.pe\/\",\"name\":\"Vern\u00e1cula\",\"description\":\"\",\"potentialAction\":[{\"@type\":\"SearchAction\",\"target\":{\"@type\":\"EntryPoint\",\"urlTemplate\":\"https:\/\/vernacula.com.pe\/?s={search_term_string}\"},\"query-input\":{\"@type\":\"PropertyValueSpecification\",\"valueRequired\":true,\"valueName\":\"search_term_string\"}}],\"inLanguage\":\"es\"}]}<\/script>\n<!-- \/ Yoast SEO plugin. -->","yoast_head_json":{"title":"BIKINI KAAY - Vern\u00e1cula","robots":{"index":"index","follow":"follow","max-snippet":"max-snippet:-1","max-image-preview":"max-image-preview:large","max-video-preview":"max-video-preview:-1"},"canonical":"https:\/\/vernacula.com.pe\/?product=bikini-kaay","og_locale":"es_ES","og_type":"article","og_title":"BIKINI KAAY - Vern\u00e1cula","og_description":"Top: Copa suave con aros Tirantes de sujetador ajustables Aplicaciones de flores de crochet en los tirantes superiores Las tallas [&hellip;]","og_url":"https:\/\/vernacula.com.pe\/?product=bikini-kaay","og_site_name":"Vern\u00e1cula","article_modified_time":"2026-01-22T01:04:12+00:00","og_image":[{"width":671,"height":1024,"url":"https:\/\/vernacula.com.pe\/wp-content\/uploads\/2026\/01\/Copia-de-DMEF283-671x1024.jpg","type":"image\/jpeg"}],"twitter_card":"summary_large_image","twitter_misc":{"Tiempo de lectura":"1 minuto"},"schema":{"@context":"https:\/\/schema.org","@graph":[{"@type":"WebPage","@id":"https:\/\/vernacula.com.pe\/?product=bikini-kaay","url":"https:\/\/vernacula.com.pe\/?product=bikini-kaay","name":"BIKINI KAAY - Vern\u00e1cula","isPartOf":{"@id":"https:\/\/vernacula.com.pe\/#website"},"primaryImageOfPage":{"@id":"https:\/\/vernacula.com.pe\/?product=bikini-kaay#primaryimage"},"image":{"@id":"https:\/\/vernacula.com.pe\/?product=bikini-kaay#primaryimage"},"thumbnailUrl":"https:\/\/vernacula.com.pe\/wp-content\/uploads\/2026\/01\/Copia-de-DMEF283.jpg","datePublished":"2026-01-22T00:41:43+00:00","dateModified":"2026-01-22T01:04:12+00:00","breadcrumb":{"@id":"https:\/\/vernacula.com.pe\/?product=bikini-kaay#breadcrumb"},"inLanguage":"es","potentialAction":[{"@type":"ReadAction","target":["https:\/\/vernacula.com.pe\/?product=bikini-kaay"]}]},{"@type":"ImageObject","inLanguage":"es","@id":"https:\/\/vernacula.com.pe\/?product=bikini-kaay#primaryimage","url":"https:\/\/vernacula.com.pe\/wp-content\/uploads\/2026\/01\/Copia-de-DMEF283.jpg","contentUrl":"https:\/\/vernacula.com.pe\/wp-content\/uploads\/2026\/01\/Copia-de-DMEF283.jpg","width":1666,"height":2544},{"@type":"BreadcrumbList","@id":"https:\/\/vernacula.com.pe\/?product=bikini-kaay#breadcrumb","itemListElement":[{"@type":"ListItem","position":1,"name":"Portada","item":"https:\/\/vernacula.com.pe\/"},{"@type":"ListItem","position":2,"name":"Shop Full Width","item":"https:\/\/vernacula.com.pe\/?page_id=16552"},{"@type":"ListItem","position":3,"name":"BIKINI KAAY"}]},{"@type":"WebSite","@id":"https:\/\/vernacula.com.pe\/#website","url":"https:\/\/vernacula.com.pe\/","name":"Vern\u00e1cula","description":"","potentialAction":[{"@type":"SearchAction","target":{"@type":"EntryPoint","urlTemplate":"https:\/\/vernacula.com.pe\/?s={search_term_string}"},"query-input":{"@type":"PropertyValueSpecification","valueRequired":true,"valueName":"search_term_string"}}],"inLanguage":"es"}]}},"brands":[{"id":986,"name":"Delmaar","slug":"delmaar"}],"_links":{"self":[{"href":"https:\/\/vernacula.com.pe\/index.php?rest_route=\/wp\/v2\/product\/40451","targetHints":{"allow":["GET"]}}],"collection":[{"href":"https:\/\/vernacula.com.pe\/index.php?rest_route=\/wp\/v2\/product"}],"about":[{"href":"https:\/\/vernacula.com.pe\/index.php?rest_route=\/wp\/v2\/types\/product"}],"wp:featuredmedia":[{"embeddable":true,"href":"https:\/\/vernacula.com.pe\/index.php?rest_route=\/wp\/v2\/media\/40456"}],"wp:attachment":[{"href":"https:\/\/vernacula.com.pe\/index.php?rest_route=%2Fwp%2Fv2%2Fmedia&parent=40451"}],"wp:term":[{"taxonomy":"pwb-brand","embeddable":true,"href":"https:\/\/vernacula.com.pe\/index.php?rest_route=%2Fwp%2Fv2%2Fpwb-brand&post=40451"},{"taxonomy":"product_brand","embeddable":true,"href":"https:\/\/vernacula.com.pe\/index.php?rest_route=%2Fwp%2Fv2%2Fproduct_brand&post=40451"},{"taxonomy":"product_cat","embeddable":true,"href":"https:\/\/vernacula.com.pe\/index.php?rest_route=%2Fwp%2Fv2%2Fproduct_cat&post=40451"},{"taxonomy":"product_tag","embeddable":true,"href":"https:\/\/vernacula.com.pe\/index.php?rest_route=%2Fwp%2Fv2%2Fproduct_tag&post=40451"}],"curies":[{"name":"wp","href":"https:\/\/api.w.org\/{rel}","templated":true}]}}