{"id":40475,"date":"2026-01-22T21:01:47","date_gmt":"2026-01-22T21:01:47","guid":{"rendered":"https:\/\/vernacula.com.pe\/?post_type=product&#038;p=40475"},"modified":"2026-01-22T21:05:26","modified_gmt":"2026-01-22T21:05:26","slug":"bikini-ikal","status":"publish","type":"product","link":"https:\/\/vernacula.com.pe\/?product=bikini-ikal","title":{"rendered":"BIKINI IKAL"},"content":{"rendered":"<p><strong>Top:<\/strong><\/p>\n<ul>\n<li>Tri\u00e1ngulo suave<\/li>\n<li>Tejido a crochet a mano alrededor y en el centro de la copa<\/li>\n<\/ul>\n<p><strong>Bottom:<\/strong><\/p>\n<ul>\n<li>Bottom de tiras<\/li>\n<li>Tirantes de crochet acanalados en las caderas<\/li>\n<li>Detalle fruncido en la espalda<\/li>\n<\/ul>\n<p><strong>Accesorios:<\/strong><\/p>\n<ul>\n<li>Hilo de algod\u00f3n org\u00e1nico<\/li>\n<\/ul>\n<p>&nbsp;<\/p>\n<p><strong>Disclaimer:<\/strong><\/p>\n<ul>\n<li>Ten en cuenta que debes tener mucho cuidado con este bikini, ya que est\u00e1 confeccionado con tela met\u00e1lica laminada. Te recomendamos usar un jab\u00f3n especial para bikini o champ\u00fa para beb\u00e9s para lavar nuestras piezas \u00fanicas. Adem\u00e1s, el color puede variar seg\u00fan la luz del d\u00eda.<\/li>\n<\/ul>\n","protected":false},"excerpt":{"rendered":"<p>Top: Tri\u00e1ngulo suave Tejido a crochet a mano alrededor y en el centro de la copa Bottom: Bottom de tiras [&hellip;]<\/p>\n","protected":false},"featured_media":40478,"template":"","meta":[],"pwb-brand":[986],"product_brand":[],"product_cat":[220],"product_tag":[],"class_list":{"0":"post-40475","1":"product","2":"type-product","3":"status-publish","4":"has-post-thumbnail","6":"pwb-brand-delmaar","7":"product_cat-swimwear","9":"first","10":"instock","11":"shipping-taxable","12":"purchasable","13":"product-type-simple"},"yoast_head":"<!-- This site is optimized with the Yoast SEO plugin v26.4 - https:\/\/yoast.com\/wordpress\/plugins\/seo\/ -->\n<title>BIKINI IKAL - Vern\u00e1cula<\/title>\n<meta name=\"robots\" content=\"index, follow, max-snippet:-1, max-image-preview:large, max-video-preview:-1\" \/>\n<link rel=\"canonical\" href=\"https:\/\/vernacula.com.pe\/?product=bikini-ikal\" \/>\n<meta property=\"og:locale\" content=\"es_ES\" \/>\n<meta property=\"og:type\" content=\"article\" \/>\n<meta property=\"og:title\" content=\"BIKINI IKAL - Vern\u00e1cula\" \/>\n<meta property=\"og:description\" content=\"Top: Tri\u00e1ngulo suave Tejido a crochet a mano alrededor y en el centro de la copa Bottom: Bottom de tiras [&hellip;]\" \/>\n<meta property=\"og:url\" content=\"https:\/\/vernacula.com.pe\/?product=bikini-ikal\" \/>\n<meta property=\"og:site_name\" content=\"Vern\u00e1cula\" \/>\n<meta property=\"article:modified_time\" content=\"2026-01-22T21:05:26+00:00\" \/>\n<meta property=\"og:image\" content=\"https:\/\/vernacula.com.pe\/wp-content\/uploads\/2026\/01\/Copia-de-DMEA315.jpg\" \/>\n\t<meta property=\"og:image:width\" content=\"1666\" \/>\n\t<meta property=\"og:image:height\" content=\"2544\" \/>\n\t<meta property=\"og:image:type\" content=\"image\/jpeg\" \/>\n<meta name=\"twitter:card\" content=\"summary_large_image\" \/>\n<meta name=\"twitter:label1\" content=\"Tiempo de lectura\" \/>\n\t<meta name=\"twitter:data1\" content=\"1 minuto\" \/>\n<script type=\"application\/ld+json\" class=\"yoast-schema-graph\">{\"@context\":\"https:\/\/schema.org\",\"@graph\":[{\"@type\":\"WebPage\",\"@id\":\"https:\/\/vernacula.com.pe\/?product=bikini-ikal\",\"url\":\"https:\/\/vernacula.com.pe\/?product=bikini-ikal\",\"name\":\"BIKINI IKAL - Vern\u00e1cula\",\"isPartOf\":{\"@id\":\"https:\/\/vernacula.com.pe\/#website\"},\"primaryImageOfPage\":{\"@id\":\"https:\/\/vernacula.com.pe\/?product=bikini-ikal#primaryimage\"},\"image\":{\"@id\":\"https:\/\/vernacula.com.pe\/?product=bikini-ikal#primaryimage\"},\"thumbnailUrl\":\"https:\/\/vernacula.com.pe\/wp-content\/uploads\/2026\/01\/Copia-de-DMEA315.jpg\",\"datePublished\":\"2026-01-22T21:01:47+00:00\",\"dateModified\":\"2026-01-22T21:05:26+00:00\",\"breadcrumb\":{\"@id\":\"https:\/\/vernacula.com.pe\/?product=bikini-ikal#breadcrumb\"},\"inLanguage\":\"es\",\"potentialAction\":[{\"@type\":\"ReadAction\",\"target\":[\"https:\/\/vernacula.com.pe\/?product=bikini-ikal\"]}]},{\"@type\":\"ImageObject\",\"inLanguage\":\"es\",\"@id\":\"https:\/\/vernacula.com.pe\/?product=bikini-ikal#primaryimage\",\"url\":\"https:\/\/vernacula.com.pe\/wp-content\/uploads\/2026\/01\/Copia-de-DMEA315.jpg\",\"contentUrl\":\"https:\/\/vernacula.com.pe\/wp-content\/uploads\/2026\/01\/Copia-de-DMEA315.jpg\",\"width\":1666,\"height\":2544},{\"@type\":\"BreadcrumbList\",\"@id\":\"https:\/\/vernacula.com.pe\/?product=bikini-ikal#breadcrumb\",\"itemListElement\":[{\"@type\":\"ListItem\",\"position\":1,\"name\":\"Portada\",\"item\":\"https:\/\/vernacula.com.pe\/\"},{\"@type\":\"ListItem\",\"position\":2,\"name\":\"Shop Full Width\",\"item\":\"https:\/\/vernacula.com.pe\/?page_id=16552\"},{\"@type\":\"ListItem\",\"position\":3,\"name\":\"BIKINI IKAL\"}]},{\"@type\":\"WebSite\",\"@id\":\"https:\/\/vernacula.com.pe\/#website\",\"url\":\"https:\/\/vernacula.com.pe\/\",\"name\":\"Vern\u00e1cula\",\"description\":\"\",\"potentialAction\":[{\"@type\":\"SearchAction\",\"target\":{\"@type\":\"EntryPoint\",\"urlTemplate\":\"https:\/\/vernacula.com.pe\/?s={search_term_string}\"},\"query-input\":{\"@type\":\"PropertyValueSpecification\",\"valueRequired\":true,\"valueName\":\"search_term_string\"}}],\"inLanguage\":\"es\"}]}<\/script>\n<!-- \/ Yoast SEO plugin. -->","yoast_head_json":{"title":"BIKINI IKAL - Vern\u00e1cula","robots":{"index":"index","follow":"follow","max-snippet":"max-snippet:-1","max-image-preview":"max-image-preview:large","max-video-preview":"max-video-preview:-1"},"canonical":"https:\/\/vernacula.com.pe\/?product=bikini-ikal","og_locale":"es_ES","og_type":"article","og_title":"BIKINI IKAL - Vern\u00e1cula","og_description":"Top: Tri\u00e1ngulo suave Tejido a crochet a mano alrededor y en el centro de la copa Bottom: Bottom de tiras [&hellip;]","og_url":"https:\/\/vernacula.com.pe\/?product=bikini-ikal","og_site_name":"Vern\u00e1cula","article_modified_time":"2026-01-22T21:05:26+00:00","og_image":[{"width":1666,"height":2544,"url":"https:\/\/vernacula.com.pe\/wp-content\/uploads\/2026\/01\/Copia-de-DMEA315.jpg","type":"image\/jpeg"}],"twitter_card":"summary_large_image","twitter_misc":{"Tiempo de lectura":"1 minuto"},"schema":{"@context":"https:\/\/schema.org","@graph":[{"@type":"WebPage","@id":"https:\/\/vernacula.com.pe\/?product=bikini-ikal","url":"https:\/\/vernacula.com.pe\/?product=bikini-ikal","name":"BIKINI IKAL - Vern\u00e1cula","isPartOf":{"@id":"https:\/\/vernacula.com.pe\/#website"},"primaryImageOfPage":{"@id":"https:\/\/vernacula.com.pe\/?product=bikini-ikal#primaryimage"},"image":{"@id":"https:\/\/vernacula.com.pe\/?product=bikini-ikal#primaryimage"},"thumbnailUrl":"https:\/\/vernacula.com.pe\/wp-content\/uploads\/2026\/01\/Copia-de-DMEA315.jpg","datePublished":"2026-01-22T21:01:47+00:00","dateModified":"2026-01-22T21:05:26+00:00","breadcrumb":{"@id":"https:\/\/vernacula.com.pe\/?product=bikini-ikal#breadcrumb"},"inLanguage":"es","potentialAction":[{"@type":"ReadAction","target":["https:\/\/vernacula.com.pe\/?product=bikini-ikal"]}]},{"@type":"ImageObject","inLanguage":"es","@id":"https:\/\/vernacula.com.pe\/?product=bikini-ikal#primaryimage","url":"https:\/\/vernacula.com.pe\/wp-content\/uploads\/2026\/01\/Copia-de-DMEA315.jpg","contentUrl":"https:\/\/vernacula.com.pe\/wp-content\/uploads\/2026\/01\/Copia-de-DMEA315.jpg","width":1666,"height":2544},{"@type":"BreadcrumbList","@id":"https:\/\/vernacula.com.pe\/?product=bikini-ikal#breadcrumb","itemListElement":[{"@type":"ListItem","position":1,"name":"Portada","item":"https:\/\/vernacula.com.pe\/"},{"@type":"ListItem","position":2,"name":"Shop Full Width","item":"https:\/\/vernacula.com.pe\/?page_id=16552"},{"@type":"ListItem","position":3,"name":"BIKINI IKAL"}]},{"@type":"WebSite","@id":"https:\/\/vernacula.com.pe\/#website","url":"https:\/\/vernacula.com.pe\/","name":"Vern\u00e1cula","description":"","potentialAction":[{"@type":"SearchAction","target":{"@type":"EntryPoint","urlTemplate":"https:\/\/vernacula.com.pe\/?s={search_term_string}"},"query-input":{"@type":"PropertyValueSpecification","valueRequired":true,"valueName":"search_term_string"}}],"inLanguage":"es"}]}},"brands":[{"id":986,"name":"Delmaar","slug":"delmaar"}],"_links":{"self":[{"href":"https:\/\/vernacula.com.pe\/index.php?rest_route=\/wp\/v2\/product\/40475","targetHints":{"allow":["GET"]}}],"collection":[{"href":"https:\/\/vernacula.com.pe\/index.php?rest_route=\/wp\/v2\/product"}],"about":[{"href":"https:\/\/vernacula.com.pe\/index.php?rest_route=\/wp\/v2\/types\/product"}],"wp:featuredmedia":[{"embeddable":true,"href":"https:\/\/vernacula.com.pe\/index.php?rest_route=\/wp\/v2\/media\/40478"}],"wp:attachment":[{"href":"https:\/\/vernacula.com.pe\/index.php?rest_route=%2Fwp%2Fv2%2Fmedia&parent=40475"}],"wp:term":[{"taxonomy":"pwb-brand","embeddable":true,"href":"https:\/\/vernacula.com.pe\/index.php?rest_route=%2Fwp%2Fv2%2Fpwb-brand&post=40475"},{"taxonomy":"product_brand","embeddable":true,"href":"https:\/\/vernacula.com.pe\/index.php?rest_route=%2Fwp%2Fv2%2Fproduct_brand&post=40475"},{"taxonomy":"product_cat","embeddable":true,"href":"https:\/\/vernacula.com.pe\/index.php?rest_route=%2Fwp%2Fv2%2Fproduct_cat&post=40475"},{"taxonomy":"product_tag","embeddable":true,"href":"https:\/\/vernacula.com.pe\/index.php?rest_route=%2Fwp%2Fv2%2Fproduct_tag&post=40475"}],"curies":[{"name":"wp","href":"https:\/\/api.w.org\/{rel}","templated":true}]}}